{"id":12340,"date":"2022-05-17T14:52:35","date_gmt":"2022-05-17T14:52:35","guid":{"rendered":"https:\/\/www.atsautomazione.it\/assistance\/"},"modified":"2022-06-14T09:45:21","modified_gmt":"2022-06-14T09:45:21","slug":"hilfe","status":"publish","type":"page","link":"https:\/\/www.atsautomazione.it\/de\/hilfe\/","title":{"rendered":"Hilfe"},"content":{"rendered":"<h4>ANFRAGEFORMULAR F\u00dcR TECHNISCHE UNTERST\u00dcTZUNG<\/h4>\n<p>Verwenden Sie das untenstehende formular <strong>nur zur Fehler\/Fehlfunktionen zu melden oder<\/strong> um <strong>allgemeine technische Unterst\u00fctzung durch unseren spezialisierten Techniker anzufordern<\/strong>.<\/p>\n<p>Nach Erhalt des Berichts folgen die Verfahren zur Aktivierung des technischen Hilfseinsatzes (f\u00fcr die geltenden allgemeinen Bedingungen konsultieren Sie den unterzeichneten Vertrag \u00fcber technische Hilfe).<\/p>\n<p>Bitte denken <strong>Sie daran, alle Felder korrekt auszuf\u00fcllen<\/strong>, da Sie sonst nicht kontaktiert werden k\u00f6nnen.<\/p>\n<div role=\"form\" class=\"wpcf7\" id=\"wpcf7-f12329-o1\" lang=\"it-IT\" dir=\"ltr\">\n<div class=\"screen-reader-response\"><p role=\"status\" aria-live=\"polite\" aria-atomic=\"true\"><\/p> <ul><\/ul><\/div>\n<form action=\"\/de\/wp-json\/wp\/v2\/pages\/12340#wpcf7-f12329-o1\" method=\"post\" class=\"wpcf7-form init\" novalidate=\"novalidate\" data-status=\"init\">\n<div style=\"display: none;\">\n<input type=\"hidden\" name=\"_wpcf7\" value=\"12329\" \/>\n<input type=\"hidden\" name=\"_wpcf7_version\" value=\"5.3.2\" \/>\n<input type=\"hidden\" name=\"_wpcf7_locale\" value=\"it_IT\" \/>\n<input type=\"hidden\" name=\"_wpcf7_unit_tag\" value=\"wpcf7-f12329-o1\" \/>\n<input type=\"hidden\" name=\"_wpcf7_container_post\" value=\"0\" \/>\n<input type=\"hidden\" name=\"_wpcf7_posted_data_hash\" value=\"\" \/>\n<input type=\"hidden\" name=\"_wpcf7_recaptcha_response\" value=\"\" \/>\n<\/div>\n<div class=\"row\" style=\"margin-top:20px;\">\n<div class=\"col-sm-12\" style=\"font-size: 20px; font-weight: 900;\">FIRMEN DATEN<\/div>\n<\/div>\n<div class=\"row\">\n<div class=\"col-sm-6\"><label> Name der Firma*<br \/> <span class=\"wpcf7-form-control-wrap azienda\"><input type=\"text\" name=\"azienda\" value=\"\" size=\"40\" class=\"wpcf7-form-control wpcf7-text wpcf7-validates-as-required\" aria-required=\"true\" aria-invalid=\"false\" \/><\/span><\/label><\/div>\n<div class=\"col-sm-6\"><label> Fabrik Adresse*<br \/> <span class=\"wpcf7-form-control-wrap stabilimento\"><input type=\"text\" name=\"stabilimento\" value=\"\" size=\"40\" class=\"wpcf7-form-control wpcf7-text wpcf7-validates-as-required\" aria-required=\"true\" aria-invalid=\"false\" \/><\/span><\/label><\/div>\n<\/div>\n<div class=\"row\" style=\"margin-top:10px;\">\n<div class=\"col-sm-12\" style=\"font-size: 20px; font-weight: 900;\">DATEN DER PERSON, DIE TECHNISCHE HILFE ERFORDERN<\/div>\n<\/div>\n<div class=\"row\">\n<div class=\"col-sm-6\"><label> Vorname*<br \/> <span class=\"wpcf7-form-control-wrap nome\"><input type=\"text\" name=\"nome\" value=\"\" size=\"40\" class=\"wpcf7-form-control wpcf7-text wpcf7-validates-as-required\" aria-required=\"true\" aria-invalid=\"false\" \/><\/span><\/label><\/div>\n<div class=\"col-sm-6\"><label> Nachname*<br \/> <span class=\"wpcf7-form-control-wrap cognome\"><input type=\"text\" name=\"cognome\" value=\"\" size=\"40\" class=\"wpcf7-form-control wpcf7-text wpcf7-validates-as-required\" aria-required=\"true\" aria-invalid=\"false\" \/><\/span><\/label><\/div>\n<\/div>\n<div class=\"row\">\n<div class=\"col-sm-6\"><label> Referenzmanager*<br \/> <span class=\"wpcf7-form-control-wrap responsabile\"><input type=\"text\" name=\"responsabile\" value=\"\" size=\"40\" class=\"wpcf7-form-control wpcf7-text wpcf7-validates-as-required\" aria-required=\"true\" aria-invalid=\"false\" \/><\/span><\/label><\/div>\n<div class=\"col-sm-6\"><label> Email*<br \/> <span class=\"wpcf7-form-control-wrap email\"><input type=\"email\" name=\"email\" value=\"\" size=\"40\" class=\"wpcf7-form-control wpcf7-text wpcf7-email wpcf7-validates-as-required wpcf7-validates-as-email\" aria-required=\"true\" aria-invalid=\"false\" \/><\/span><\/label><\/div>\n<div class=\"col-sm-6\"><label> Telefon*<br \/> <span class=\"wpcf7-form-control-wrap telefono\"><input type=\"text\" name=\"telefono\" value=\"\" size=\"40\" class=\"wpcf7-form-control wpcf7-text wpcf7-validates-as-required\" aria-required=\"true\" aria-invalid=\"false\" \/><\/span><\/label><\/div>\n<\/div>\n<div class=\"row\" style=\"margin-top:10px;\">\n<div class=\"col-sm-12\" style=\"font-size: 20px; font-weight: 900;\">MASCHINEN-SYSTEMDATEN, F\u00dcR DIE TECHNISCHE UNTERST\u00dcTZUNG ERFORDERLICH IST<\/div>\n<\/div>\n<div class=\"row\">\n<div class=\"col-sm-6\"><label> Seriennummer des Systems (Beispiel ATS L1234) oder eine andere Referenz*<br \/> <span class=\"wpcf7-form-control-wrap matricola\"><input type=\"text\" name=\"matricola\" value=\"\" size=\"40\" class=\"wpcf7-form-control wpcf7-text wpcf7-validates-as-required\" aria-required=\"true\" aria-invalid=\"false\" \/><\/span><\/label><\/div>\n<\/div>\n<div class=\"row\">\n<div class=\"col-sm-12\"><label> Aufgetretene Problembeschreibung*<br \/> <span class=\"wpcf7-form-control-wrap descrizione\"><textarea name=\"descrizione\" cols=\"40\" rows=\"10\" class=\"wpcf7-form-control wpcf7-textarea wpcf7-validates-as-required\" aria-required=\"true\" aria-invalid=\"false\"><\/textarea><\/span><\/label><\/div>\n<\/div>\n<div class=\"row\">\n<div class=\"col-sm-9 col-xs-12 mmb-10\"><span class=\"wpcf7-form-control-wrap acceptance-272\"><span class=\"wpcf7-form-control wpcf7-acceptance\"><span class=\"wpcf7-list-item\"><input type=\"checkbox\" name=\"acceptance-272\" value=\"1\" aria-invalid=\"false\" \/><\/span><\/span><\/span>  Ich stimme der Verarbeitung meiner personenbezogenen Daten zu, wie in der <a href=\"\/privacy-policy\/\" target=\"_blank\">Datenschutzerkl\u00e4rung angegeben<\/a> - <span class=\"leggi\">Lesen Sie mehr<\/span><br \/>\n<span class=\"espanso\">gem\u00e4\u00df Art. 13 der EU-Verordnung 679\/16 erhalten Sie die folgenden Informationen \u00fcber die Verarbeitung, die nach der Erfassung und \u00dcbermittlung der Daten in dem Formular, das Sie gerade ausf\u00fcllen, stattfinden kann. Der Datenverantwortliche ist A.T.S. S.r.l., Via Avvocato G. Agnelli, 18 \/ A, 10043 - Orbassano (TO), die per E-Mail unter info@atsautomazione.it kontaktiert werden kann. Die Daten im Formular werden nach Ihrer Zustimmung zur Verarbeitung personenbezogener Daten f\u00fcr die folgenden Zwecke verwendet: - Um Ihnen die angeforderten technischen Unterst\u00fctzungsdienste bereitzustellen. Die vorgenannten Zwecke werden nach Ihrer optionalen Einwilligungserkl\u00e4rung in der auf der Datenerhebungsseite angegebenen Weise verfolgt. Wir erinnern Sie daran, dass die mit dem Sternchen (*) gekennzeichneten Daten angegeben werden m\u00fcssen, um die Dienste zu nutzen, die Sie anfordern m\u00f6chten; Wenn solche Daten nicht zusammengestellt wurden, k\u00f6nnen diese Dienste m\u00f6glicherweise nicht bereitgestellt werden, und die Daten selbst werden m\u00f6glicherweise nicht erfasst, wie in der Zusammenstellungsphase angegeben werden kann. Die Erfassung der weiteren Daten im Formular ist optional und es steht Ihnen frei, ob Sie diese ausf\u00fcllen oder nicht. Die Datenverantwortlichen des Eigent\u00fcmers, die an der Erbringung der von Ihnen angeforderten Dienste oder an der technischen Verwaltung der Website beteiligt sind (beschr\u00e4nkt auf die F\u00e4lle, in denen sich dies als unerl\u00e4sslich erweist), und alle an der Durchf\u00fchrung derselben Aktivit\u00e4ten beteiligten Dritten k\u00f6nnen Kenntnis davon erlangen der von Ihnen als Auftragsverarbeiter mitgeteilten Daten. Dar\u00fcber hinaus werden die \u00fcbermittelten Daten nicht an Dritte weitergegeben, sondern bleiben nur innerhalb des Unternehmens bekannt. Die Daten werden aufbewahrt, bis die angeforderten Dienstleistungen abgeschlossen sind oder Ihr Antrag auf L\u00f6schung gestellt wird, und im Falle von organisatorischen Notwendigkeiten oder regulatorischen Verpflichtungen k\u00f6nnen sie f\u00fcr den f\u00fcr diese Zwecke unbedingt erforderlichen Zeitraum in speziellen Archiven aufbewahrt werden. Wir erinnern Sie an das Recht, den f\u00fcr die Verarbeitung Verantwortlichen aufzufordern, auf personenbezogene Daten zuzugreifen, sie zu korrigieren oder zu l\u00f6schen oder die Verarbeitung, die Sie betrifft, einzuschr\u00e4nken und sich einer solchen Verarbeitung zu widersetzen, zus\u00e4tzlich zum Recht auf Daten\u00fcbertragbarkeit; Sie k\u00f6nnen diese Rechte unter den oben angegebenen Kontaktdaten aus\u00fcben. Die zum Ausdruck gebrachte Zustimmung kann jederzeit widerrufen werden, indem Sie sich an den Eigent\u00fcmer unter den angegebenen E-Mail-Adressen wenden oder die von den f\u00fcr die Verarbeitung verwendeten Tools angegebenen Methoden verwenden. Wir erinnern Sie auch an das Recht, sich an die Aufsichtsbeh\u00f6rde zu wenden, um eine Beschwerde einzureichen, in Italien vertreten durch den Garanten f\u00fcr den Schutz personenbezogener Daten (www.garanteprivacy.it). Weitere Informationen zum Datenverantwortlichen und zu den Verarbeitungsmethoden, die sich aus der Navigation auf dieser Website ergeben, finden Sie auf der Seite, auf der die Datenschutzrichtlinie der Website pr\u00e4sentiert wird.<\/span><\/div>\n<div class=\"col-sm-3\"><input type=\"submit\" value=\"ANFRAGE SENDEN\" class=\"wpcf7-form-control wpcf7-submit\" \/><\/div>\n<\/div>\n<div class=\"wpcf7-response-output\" aria-hidden=\"true\"><\/div><\/form><\/div>\n","protected":false},"excerpt":{"rendered":"<p>ANFRAGEFORMULAR F\u00dcR TECHNISCHE UNTERST\u00dcTZUNG Verwenden Sie das untenstehende formular nur zur Fehler\/Fehlfunktionen zu melden oder [&hellip;]<\/p>\n","protected":false},"author":8,"featured_media":0,"parent":0,"menu_order":0,"comment_status":"closed","ping_status":"closed","template":"page-assistenza.php","meta":[],"acf":[],"yoast_head":"<!-- This site is optimized with the Yoast SEO plugin v15.6.2 - https:\/\/yoast.com\/wordpress\/plugins\/seo\/ -->\n<meta name=\"robots\" content=\"index, follow, max-snippet:-1, max-image-preview:large, max-video-preview:-1\" \/>\n<link rel=\"canonical\" href=\"https:\/\/www.atsautomazione.it\/de\/hilfe\/\" \/>\n<meta property=\"og:locale\" content=\"de_DE\" \/>\n<meta property=\"og:type\" content=\"article\" \/>\n<meta property=\"og:title\" content=\"Hilfe - ATS Automation Systems\" \/>\n<meta property=\"og:description\" content=\"ANFRAGEFORMULAR F\u00dcR TECHNISCHE UNTERST\u00dcTZUNG Verwenden Sie das untenstehende formular nur zur Fehler\/Fehlfunktionen zu melden oder [&hellip;]\" \/>\n<meta property=\"og:url\" content=\"https:\/\/www.atsautomazione.it\/de\/hilfe\/\" \/>\n<meta property=\"og:site_name\" content=\"ATS Automation Systems\" \/>\n<meta property=\"article:modified_time\" content=\"2022-06-14T09:45:21+00:00\" \/>\n<meta name=\"twitter:card\" content=\"summary_large_image\" \/>\n<meta name=\"twitter:label1\" content=\"Gesch\u00e4tzte Lesezeit\">\n\t<meta name=\"twitter:data1\" content=\"1\u00a0Minute\">\n<script type=\"application\/ld+json\" class=\"yoast-schema-graph\">{\"@context\":\"https:\/\/schema.org\",\"@graph\":[{\"@type\":\"WebSite\",\"@id\":\"https:\/\/www.atsautomazione.it\/#website\",\"url\":\"https:\/\/www.atsautomazione.it\/\",\"name\":\"ATS Automation Systems\",\"description\":\"ATS Automation Systems\",\"potentialAction\":[{\"@type\":\"SearchAction\",\"target\":\"https:\/\/www.atsautomazione.it\/?s={search_term_string}\",\"query-input\":\"required name=search_term_string\"}],\"inLanguage\":\"de\"},{\"@type\":\"WebPage\",\"@id\":\"https:\/\/www.atsautomazione.it\/de\/hilfe\/#webpage\",\"url\":\"https:\/\/www.atsautomazione.it\/de\/hilfe\/\",\"name\":\"Hilfe - ATS Automation Systems\",\"isPartOf\":{\"@id\":\"https:\/\/www.atsautomazione.it\/#website\"},\"datePublished\":\"2022-05-17T14:52:35+00:00\",\"dateModified\":\"2022-06-14T09:45:21+00:00\",\"inLanguage\":\"de\",\"potentialAction\":[{\"@type\":\"ReadAction\",\"target\":[\"https:\/\/www.atsautomazione.it\/de\/hilfe\/\"]}]}]}<\/script>\n<!-- \/ Yoast SEO plugin. -->","_links":{"self":[{"href":"https:\/\/www.atsautomazione.it\/de\/wp-json\/wp\/v2\/pages\/12340"}],"collection":[{"href":"https:\/\/www.atsautomazione.it\/de\/wp-json\/wp\/v2\/pages"}],"about":[{"href":"https:\/\/www.atsautomazione.it\/de\/wp-json\/wp\/v2\/types\/page"}],"author":[{"embeddable":true,"href":"https:\/\/www.atsautomazione.it\/de\/wp-json\/wp\/v2\/users\/8"}],"replies":[{"embeddable":true,"href":"https:\/\/www.atsautomazione.it\/de\/wp-json\/wp\/v2\/comments?post=12340"}],"version-history":[{"count":2,"href":"https:\/\/www.atsautomazione.it\/de\/wp-json\/wp\/v2\/pages\/12340\/revisions"}],"predecessor-version":[{"id":12342,"href":"https:\/\/www.atsautomazione.it\/de\/wp-json\/wp\/v2\/pages\/12340\/revisions\/12342"}],"wp:attachment":[{"href":"https:\/\/www.atsautomazione.it\/de\/wp-json\/wp\/v2\/media?parent=12340"}],"curies":[{"name":"wp","href":"https:\/\/api.w.org\/{rel}","templated":true}]}}